{"id":13,"date":"2023-12-06T15:37:46","date_gmt":"2023-12-06T14:37:46","guid":{"rendered":"https:\/\/grcmontajes.com\/?page_id=13"},"modified":"2024-08-03T10:34:41","modified_gmt":"2024-08-03T08:34:41","slug":"quienes-somos","status":"publish","type":"page","link":"https:\/\/grcmontajes.com\/index.php\/quienes-somos\/","title":{"rendered":"Qui\u00e9nes somos"},"content":{"rendered":"\t\t<div data-elementor-type=\"wp-page\" data-elementor-id=\"13\" class=\"elementor elementor-13\" data-elementor-post-type=\"page\">\n\t\t\t\t<div class=\"elementor-element elementor-element-c9077b0 e-flex e-con-boxed e-con e-parent\" data-id=\"c9077b0\" data-element_type=\"container\" data-settings=\"{&quot;background_background&quot;:&quot;classic&quot;}\">\n\t\t\t\t\t<div class=\"e-con-inner\">\n\t\t\t\t<div class=\"elementor-element elementor-element-c279f84 elementor-widget elementor-widget-heading\" data-id=\"c279f84\" data-element_type=\"widget\" data-widget_type=\"heading.default\">\n\t\t\t\t<div class=\"elementor-widget-container\">\n\t\t\t<style>\/*! elementor - v3.23.0 - 25-07-2024 *\/\n.elementor-heading-title{padding:0;margin:0;line-height:1}.elementor-widget-heading .elementor-heading-title[class*=elementor-size-]>a{color:inherit;font-size:inherit;line-height:inherit}.elementor-widget-heading .elementor-heading-title.elementor-size-small{font-size:15px}.elementor-widget-heading .elementor-heading-title.elementor-size-medium{font-size:19px}.elementor-widget-heading .elementor-heading-title.elementor-size-large{font-size:29px}.elementor-widget-heading .elementor-heading-title.elementor-size-xl{font-size:39px}.elementor-widget-heading .elementor-heading-title.elementor-size-xxl{font-size:59px}<\/style><h1 class=\"elementor-heading-title elementor-size-default\">QUI\u00c9NES SOMOS<\/h1>\t\t<\/div>\n\t\t\t\t<\/div>\n\t\t\t\t<div class=\"elementor-element elementor-element-2460aa5 elementor-widget elementor-widget-text-editor\" data-id=\"2460aa5\" data-element_type=\"widget\" data-widget_type=\"text-editor.default\">\n\t\t\t\t<div class=\"elementor-widget-container\">\n\t\t\t<style>\/*! elementor - v3.23.0 - 25-07-2024 *\/\n.elementor-widget-text-editor.elementor-drop-cap-view-stacked .elementor-drop-cap{background-color:#69727d;color:#fff}.elementor-widget-text-editor.elementor-drop-cap-view-framed .elementor-drop-cap{color:#69727d;border:3px solid;background-color:transparent}.elementor-widget-text-editor:not(.elementor-drop-cap-view-default) .elementor-drop-cap{margin-top:8px}.elementor-widget-text-editor:not(.elementor-drop-cap-view-default) .elementor-drop-cap-letter{width:1em;height:1em}.elementor-widget-text-editor .elementor-drop-cap{float:left;text-align:center;line-height:1;font-size:50px}.elementor-widget-text-editor .elementor-drop-cap-letter{display:inline-block}<\/style>\t\t\t\t<p><strong>GRC MONTAJES Y MANTENIMIENTO S.A.S<\/strong><\/p>\t\t\t\t\t\t<\/div>\n\t\t\t\t<\/div>\n\t\t\t\t<div class=\"elementor-element elementor-element-fdc6f41 elementor-align-center elementor-mobile-align-center elementor-widget elementor-widget-button\" data-id=\"fdc6f41\" data-element_type=\"widget\" data-widget_type=\"button.default\">\n\t\t\t\t<div class=\"elementor-widget-container\">\n\t\t\t\t\t<div class=\"elementor-button-wrapper\">\n\t\t\t<a class=\"elementor-button elementor-button-link elementor-size-sm elementor-animation-float\" href=\"https:\/\/grcmontajes.com\/index.php\/contacto\/https:\/\/grcmontajes.com\/index.php\/contacto\/https:\/\/grcmontajes.com\/index.php\/contacto\/https:\/\/grcmontajes.com\/index.php\/contacto\/https:\/\/grcmontajes.com\/index.php\/contacto\/https:\/\/grcmontajes.com\/index.php\/contacto\/https:\/\/grcmontajes.com\/index.php\/contacto\/\">\n\t\t\t\t\t\t<span class=\"elementor-button-content-wrapper\">\n\t\t\t\t\t\t\t\t\t<span class=\"elementor-button-text\">Cont\u00e1ctanos ahora<\/span>\n\t\t\t\t\t<\/span>\n\t\t\t\t\t<\/a>\n\t\t<\/div>\n\t\t\t\t<\/div>\n\t\t\t\t<\/div>\n\t\t\t\t<div class=\"elementor-element elementor-element-b606af6 elementor-mobile-align-center elementor-icon-list--layout-traditional elementor-list-item-link-full_width elementor-widget elementor-widget-icon-list\" data-id=\"b606af6\" data-element_type=\"widget\" data-widget_type=\"icon-list.default\">\n\t\t\t\t<div class=\"elementor-widget-container\">\n\t\t\t<link rel=\"stylesheet\" href=\"https:\/\/grcmontajes.com\/wp-content\/plugins\/elementor\/assets\/css\/widget-icon-list.min.css\">\t\t<ul class=\"elementor-icon-list-items\">\n\t\t\t\t\t\t\t<li class=\"elementor-icon-list-item\">\n\t\t\t\t\t\t\t\t\t\t\t<span class=\"elementor-icon-list-icon\">\n\t\t\t\t\t\t\t<svg aria-hidden=\"true\" class=\"e-font-icon-svg e-far-arrow-alt-circle-down\" viewBox=\"0 0 512 512\" xmlns=\"http:\/\/www.w3.org\/2000\/svg\"><path d=\"M256 8C119 8 8 119 8 256s111 248 248 248 248-111 248-248S393 8 256 8zm0 448c-110.5 0-200-89.5-200-200S145.5 56 256 56s200 89.5 200 200-89.5 200-200 200zm-32-316v116h-67c-10.7 0-16 12.9-8.5 20.5l99 99c4.7 4.7 12.3 4.7 17 0l99-99c7.6-7.6 2.2-20.5-8.5-20.5h-67V140c0-6.6-5.4-12-12-12h-40c-6.6 0-12 5.4-12 12z\"><\/path><\/svg>\t\t\t\t\t\t<\/span>\n\t\t\t\t\t\t\t\t\t\t<span class=\"elementor-icon-list-text\">Scroll<\/span>\n\t\t\t\t\t\t\t\t\t<\/li>\n\t\t\t\t\t\t<\/ul>\n\t\t\t\t<\/div>\n\t\t\t\t<\/div>\n\t\t\t\t\t<\/div>\n\t\t\t\t<\/div>\n\t\t<div class=\"elementor-element elementor-element-576a195 e-flex e-con-boxed e-con e-parent\" data-id=\"576a195\" data-element_type=\"container\">\n\t\t\t\t\t<div class=\"e-con-inner\">\n\t\t\t\t<div class=\"elementor-element elementor-element-37d0349 elementor-widget elementor-widget-heading\" data-id=\"37d0349\" data-element_type=\"widget\" data-widget_type=\"heading.default\">\n\t\t\t\t<div class=\"elementor-widget-container\">\n\t\t\t<h2 class=\"elementor-heading-title elementor-size-default\">Con\u00f3cenos<\/h2>\t\t<\/div>\n\t\t\t\t<\/div>\n\t\t\t\t<div class=\"elementor-element elementor-element-b070afa elementor-widget elementor-widget-text-editor\" data-id=\"b070afa\" data-element_type=\"widget\" data-widget_type=\"text-editor.default\">\n\t\t\t\t<div class=\"elementor-widget-container\">\n\t\t\t\t\t\t\t<p>Nuestra pasi\u00f3n es crear el futuro a trav\u00e9s de la innovaci\u00f3n.<\/p>\t\t\t\t\t\t<\/div>\n\t\t\t\t<\/div>\n\t\t\t\t\t<\/div>\n\t\t\t\t<\/div>\n\t\t<div class=\"elementor-element elementor-element-baa26e5 e-flex e-con-boxed e-con e-parent\" data-id=\"baa26e5\" data-element_type=\"container\" data-settings=\"{&quot;background_background&quot;:&quot;classic&quot;}\">\n\t\t\t\t\t<div class=\"e-con-inner\">\n\t\t<div class=\"elementor-element elementor-element-6d254d8 e-flex e-con-boxed e-con e-child\" data-id=\"6d254d8\" data-element_type=\"container\">\n\t\t\t\t\t<div class=\"e-con-inner\">\n\t\t\t\t<div class=\"elementor-element elementor-element-08ae25b elementor-widget elementor-widget-image\" data-id=\"08ae25b\" data-element_type=\"widget\" data-widget_type=\"image.default\">\n\t\t\t\t<div class=\"elementor-widget-container\">\n\t\t\t<style>\/*! elementor - v3.23.0 - 25-07-2024 *\/\n.elementor-widget-image{text-align:center}.elementor-widget-image a{display:inline-block}.elementor-widget-image a img[src$=\".svg\"]{width:48px}.elementor-widget-image img{vertical-align:middle;display:inline-block}<\/style>\t\t\t\t\t\t\t\t\t\t<img fetchpriority=\"high\" decoding=\"async\" width=\"1920\" height=\"1228\" src=\"https:\/\/grcmontajes.com\/wp-content\/uploads\/2024\/08\/Agregar-un-titulo-30.jpg\" class=\"attachment-full size-full wp-image-678\" alt=\"\" srcset=\"https:\/\/grcmontajes.com\/wp-content\/uploads\/2024\/08\/Agregar-un-titulo-30.jpg 1920w, https:\/\/grcmontajes.com\/wp-content\/uploads\/2024\/08\/Agregar-un-titulo-30-300x192.jpg 300w, https:\/\/grcmontajes.com\/wp-content\/uploads\/2024\/08\/Agregar-un-titulo-30-1024x655.jpg 1024w, https:\/\/grcmontajes.com\/wp-content\/uploads\/2024\/08\/Agregar-un-titulo-30-768x491.jpg 768w, https:\/\/grcmontajes.com\/wp-content\/uploads\/2024\/08\/Agregar-un-titulo-30-1536x982.jpg 1536w\" sizes=\"(max-width: 1920px) 100vw, 1920px\" \/>\t\t\t\t\t\t\t\t\t\t\t\t\t<\/div>\n\t\t\t\t<\/div>\n\t\t\t\t\t<\/div>\n\t\t\t\t<\/div>\n\t\t<div class=\"elementor-element elementor-element-9c3c75f e-flex e-con-boxed e-con e-child\" data-id=\"9c3c75f\" data-element_type=\"container\">\n\t\t\t\t\t<div class=\"e-con-inner\">\n\t\t\t\t<div class=\"elementor-element elementor-element-6b7ae62 elementor-widget elementor-widget-text-editor\" data-id=\"6b7ae62\" data-element_type=\"widget\" data-widget_type=\"text-editor.default\">\n\t\t\t\t<div class=\"elementor-widget-container\">\n\t\t\t\t\t\t\t<p>En <strong>GRC Montajes y Mantenimiento S.A.S<\/strong>, nos dedicamos a ofrecer soluciones integrales en ingenier\u00eda con un enfoque en la calidad, innovaci\u00f3n y eficiencia. Con 7 a\u00f1os de experiencia en la realizaci\u00f3n de proyectos civiles y electromec\u00e1nicos, abarcamos desde el dise\u00f1o hasta la ejecuci\u00f3n, cumpliendo con los m\u00e1s altos est\u00e1ndares y las certificaciones de los organismos correspondientes.<\/p><p>Nuestro equipo est\u00e1 conformado por ingenieros y t\u00e9cnicos altamente calificados y entrenados en f\u00e1brica, especializados en una amplia gama de servicios, incluyendo:<\/p><ul><li><strong>Mantenimiento y adecuaciones civiles y el\u00e9ctricas<\/strong>: Garantizando el correcto funcionamiento y seguridad de sus instalaciones.<\/li><li><strong>Sistemas de aire acondicionado y refrigeraci\u00f3n<\/strong>: Desde el dise\u00f1o hasta la instalaci\u00f3n y mantenimiento, utilizando equipos de alta eficiencia y bajo ruido.<\/li><li><strong>Plantas el\u00e9ctricas y UPS<\/strong>: Suministro, instalaci\u00f3n, puesta en marcha y mantenimiento, asegurando la continuidad operativa de sus procesos cr\u00edticos.<\/li><li><strong>Energ\u00edas renovables<\/strong>: Distribuci\u00f3n e instalaci\u00f3n de paneles solares e inversores, promoviendo el uso eficiente de recursos energ\u00e9ticos y cumpliendo con la Ley 1715 de 2014.<\/li><\/ul>\t\t\t\t\t\t<\/div>\n\t\t\t\t<\/div>\n\t\t\t\t\t<\/div>\n\t\t\t\t<\/div>\n\t\t\t\t\t<\/div>\n\t\t\t\t<\/div>\n\t\t<div class=\"elementor-element elementor-element-1186b3b e-flex e-con-boxed e-con e-parent\" data-id=\"1186b3b\" data-element_type=\"container\" data-settings=\"{&quot;background_background&quot;:&quot;classic&quot;}\">\n\t\t\t\t\t<div class=\"e-con-inner\">\n\t\t<div class=\"elementor-element elementor-element-da37d51 e-flex e-con-boxed e-con e-child\" data-id=\"da37d51\" data-element_type=\"container\">\n\t\t\t\t\t<div class=\"e-con-inner\">\n\t\t\t\t<div class=\"elementor-element elementor-element-16eee97 elementor-widget elementor-widget-text-editor\" data-id=\"16eee97\" data-element_type=\"widget\" data-widget_type=\"text-editor.default\">\n\t\t\t\t<div class=\"elementor-widget-container\">\n\t\t\t\t\t\t\t<p>Adem\u00e1s, ofrecemos servicios de monitoreo en tiempo real de nuestros equipos, proporcionando informaci\u00f3n cr\u00edtica sobre su rendimiento y enviando alertas en situaciones de riesgo. Nuestro soporte remoto garantiza una respuesta r\u00e1pida y efectiva, asegurando la operaci\u00f3n continua de sus sistemas.<\/p><p>En <strong>GRC Montajes y Mantenimiento S.A.S<\/strong>, convertimos obst\u00e1culos en oportunidades y nos comprometemos a llevar su visi\u00f3n a nuevas alturas con soluciones personalizadas que impulsan su \u00e9xito empresarial. \u00a1Cont\u00e1ctanos y descubre c\u00f3mo podemos ayudarte a alcanzar tus objetivos!<\/p>\t\t\t\t\t\t<\/div>\n\t\t\t\t<\/div>\n\t\t\t\t\t<\/div>\n\t\t\t\t<\/div>\n\t\t<div class=\"elementor-element elementor-element-fd8a0ac e-flex e-con-boxed e-con e-child\" data-id=\"fd8a0ac\" data-element_type=\"container\">\n\t\t\t\t\t<div class=\"e-con-inner\">\n\t\t\t\t<div class=\"elementor-element elementor-element-b2ad418 elementor-widget elementor-widget-image\" data-id=\"b2ad418\" data-element_type=\"widget\" data-widget_type=\"image.default\">\n\t\t\t\t<div class=\"elementor-widget-container\">\n\t\t\t\t\t\t\t\t\t\t\t\t\t<img decoding=\"async\" width=\"1920\" height=\"1228\" src=\"https:\/\/grcmontajes.com\/wp-content\/uploads\/2024\/08\/Agregar-un-titulo-28.jpg\" class=\"attachment-full size-full wp-image-679\" alt=\"\" srcset=\"https:\/\/grcmontajes.com\/wp-content\/uploads\/2024\/08\/Agregar-un-titulo-28.jpg 1920w, https:\/\/grcmontajes.com\/wp-content\/uploads\/2024\/08\/Agregar-un-titulo-28-300x192.jpg 300w, https:\/\/grcmontajes.com\/wp-content\/uploads\/2024\/08\/Agregar-un-titulo-28-1024x655.jpg 1024w, https:\/\/grcmontajes.com\/wp-content\/uploads\/2024\/08\/Agregar-un-titulo-28-768x491.jpg 768w, https:\/\/grcmontajes.com\/wp-content\/uploads\/2024\/08\/Agregar-un-titulo-28-1536x982.jpg 1536w\" sizes=\"(max-width: 1920px) 100vw, 1920px\" \/>\t\t\t\t\t\t\t\t\t\t\t\t\t<\/div>\n\t\t\t\t<\/div>\n\t\t\t\t\t<\/div>\n\t\t\t\t<\/div>\n\t\t\t\t\t<\/div>\n\t\t\t\t<\/div>\n\t\t\t\t<\/div>\n\t\t","protected":false},"excerpt":{"rendered":"<p>QUI\u00c9NES SOMOS GRC MONTAJES Y MANTENIMIENTO S.A.S Cont\u00e1ctanos ahora Scroll Con\u00f3cenos Nuestra pasi\u00f3n es crear el futuro a trav\u00e9s de la innovaci\u00f3n. En GRC Montajes y Mantenimiento S.A.S, nos dedicamos a ofrecer soluciones integrales en ingenier\u00eda con un enfoque en la calidad, innovaci\u00f3n y eficiencia. Con 7 a\u00f1os de experiencia en la realizaci\u00f3n de proyectos [&hellip;]<\/p>\n","protected":false},"author":1,"featured_media":0,"parent":0,"menu_order":0,"comment_status":"closed","ping_status":"closed","template":"elementor_header_footer","meta":{"footnotes":""},"class_list":["post-13","page","type-page","status-publish","hentry"],"_links":{"self":[{"href":"https:\/\/grcmontajes.com\/index.php\/wp-json\/wp\/v2\/pages\/13"}],"collection":[{"href":"https:\/\/grcmontajes.com\/index.php\/wp-json\/wp\/v2\/pages"}],"about":[{"href":"https:\/\/grcmontajes.com\/index.php\/wp-json\/wp\/v2\/types\/page"}],"author":[{"embeddable":true,"href":"https:\/\/grcmontajes.com\/index.php\/wp-json\/wp\/v2\/users\/1"}],"replies":[{"embeddable":true,"href":"https:\/\/grcmontajes.com\/index.php\/wp-json\/wp\/v2\/comments?post=13"}],"version-history":[{"count":28,"href":"https:\/\/grcmontajes.com\/index.php\/wp-json\/wp\/v2\/pages\/13\/revisions"}],"predecessor-version":[{"id":685,"href":"https:\/\/grcmontajes.com\/index.php\/wp-json\/wp\/v2\/pages\/13\/revisions\/685"}],"wp:attachment":[{"href":"https:\/\/grcmontajes.com\/index.php\/wp-json\/wp\/v2\/media?parent=13"}],"curies":[{"name":"wp","href":"https:\/\/api.w.org\/{rel}","templated":true}]}}